{"id":2,"date":"2021-04-09T12:58:15","date_gmt":"2021-04-09T12:58:15","guid":{"rendered":"https:\/\/eisfahrrad-koeln.de\/?page_id=2"},"modified":"2021-04-09T14:05:04","modified_gmt":"2021-04-09T14:05:04","slug":"sample-page","status":"publish","type":"page","link":"https:\/\/eisfahrrad-koeln.de\/","title":{"rendered":"Eisfahrrad"},"content":{"rendered":"<p style=\"text-align: center;\">Unsere Eisfahrr\u00e4der werde hier in K\u00fcrze pr\u00e4sentiert.<\/p>\n","protected":false},"excerpt":{"rendered":"<p>Unsere Eisfahrr\u00e4der werde hier in K\u00fcrze pr\u00e4sentiert.<\/p>\n","protected":false},"author":1,"featured_media":0,"parent":0,"menu_order":0,"comment_status":"closed","ping_status":"open","template":"","meta":[],"_links":{"self":[{"href":"https:\/\/eisfahrrad-koeln.de\/index.php\/wp-json\/wp\/v2\/pages\/2"}],"collection":[{"href":"https:\/\/eisfahrrad-koeln.de\/index.php\/wp-json\/wp\/v2\/pages"}],"about":[{"href":"https:\/\/eisfahrrad-koeln.de\/index.php\/wp-json\/wp\/v2\/types\/page"}],"author":[{"embeddable":true,"href":"https:\/\/eisfahrrad-koeln.de\/index.php\/wp-json\/wp\/v2\/users\/1"}],"replies":[{"embeddable":true,"href":"https:\/\/eisfahrrad-koeln.de\/index.php\/wp-json\/wp\/v2\/comments?post=2"}],"version-history":[{"count":4,"href":"https:\/\/eisfahrrad-koeln.de\/index.php\/wp-json\/wp\/v2\/pages\/2\/revisions"}],"predecessor-version":[{"id":14,"href":"https:\/\/eisfahrrad-koeln.de\/index.php\/wp-json\/wp\/v2\/pages\/2\/revisions\/14"}],"wp:attachment":[{"href":"https:\/\/eisfahrrad-koeln.de\/index.php\/wp-json\/wp\/v2\/media?parent=2"}],"curies":[{"name":"wp","href":"https:\/\/api.w.org\/{rel}","templated":true}]}}